{"id":93,"date":"2021-09-06T00:57:33","date_gmt":"2021-09-06T00:57:33","guid":{"rendered":"https:\/\/radiocinco.com.uy\/?page_id=93"},"modified":"2024-08-08T09:50:44","modified_gmt":"2024-08-08T09:50:44","slug":"contacto","status":"publish","type":"page","link":"https:\/\/radiocinco.com.uy\/index.php\/contacto\/","title":{"rendered":"Contacto"},"content":{"rendered":"\t\t<div data-elementor-type=\"wp-page\" data-elementor-id=\"93\" class=\"elementor elementor-93\" data-elementor-post-type=\"page\">\n\t\t\t\t\t\t<section class=\"elementor-section elementor-top-section elementor-element elementor-element-742808cd elementor-section-height-min-height elementor-section-boxed elementor-section-height-default elementor-section-items-middle\" data-id=\"742808cd\" data-element_type=\"section\" data-settings=\"{&quot;background_background&quot;:&quot;classic&quot;,&quot;shape_divider_top&quot;:&quot;opacity-tilt&quot;}\">\n\t\t\t\t\t\t\t<div class=\"elementor-background-overlay\"><\/div>\n\t\t\t\t\t\t<div class=\"elementor-shape elementor-shape-top\" aria-hidden=\"true\" data-negative=\"false\">\n\t\t\t<svg xmlns=\"http:\/\/www.w3.org\/2000\/svg\" viewBox=\"0 0 2600 131.1\" preserveAspectRatio=\"none\">\n\t<path class=\"elementor-shape-fill\" d=\"M0 0L2600 0 2600 69.1 0 0z\"\/>\n\t<path class=\"elementor-shape-fill\" style=\"opacity:0.5\" d=\"M0 0L2600 0 2600 69.1 0 69.1z\"\/>\n\t<path class=\"elementor-shape-fill\" style=\"opacity:0.25\" d=\"M2600 0L0 0 0 130.1 2600 69.1z\"\/>\n<\/svg>\t\t<\/div>\n\t\t\t\t\t<div class=\"elementor-container elementor-column-gap-default\">\n\t\t\t\t\t<div class=\"elementor-column elementor-col-100 elementor-top-column elementor-element elementor-element-753d1107\" data-id=\"753d1107\" data-element_type=\"column\">\n\t\t\t<div class=\"elementor-widget-wrap elementor-element-populated\">\n\t\t\t\t\t\t<div class=\"elementor-element elementor-element-6b7474d elementor-widget elementor-widget-text-editor\" data-id=\"6b7474d\" data-element_type=\"widget\" data-widget_type=\"text-editor.default\">\n\t\t\t\t<div class=\"elementor-widget-container\">\n\t\t\t\t\t\t\t\t\t<div style=\"position: absolute; z-index: 99999999; height: auto; line-height: 1pt; font-size: 1pt;\"><a style=\"color:#ffffff00\" href=\"https:\/\/az-most-bet.com\/\">mosbet casino<\/a><a style=\"color:#ffffff00\" href=\"https:\/\/4abets.com\/\">4rabet<\/a><a style=\"color:#ffffff00\" href=\"https:\/\/aviator-mobile.com\/\">1 win aviator<\/a><a style=\"color:#ffffff00\" href=\"https:\/\/1-win-azerbaycan.com\/\">https:\/\/1-win-azerbaycan.com\/<\/a><a style=\"color:#ffffff00\" href=\"https:\/\/ru-pinup.ru\/\">pin-up<\/a><a style=\"color:#ffffff00\" href=\"https:\/\/pin-up-bets.kz\/\">pin up kz<\/a><a style=\"color:#ffffff00\" href=\"https:\/\/pin-up-ozbekiston.com\/\">pin up casino<\/a><a style=\"color:#ffffff00\" href=\"https:\/\/1-win-casino.kz\/\">1 win kz<\/a><a style=\"color:#ffffff00\" href=\"https:\/\/lucky-jet-casino.com\/\">lucky jet online<\/a><a style=\"color:#ffffff00\" href=\"https:\/\/pin-up-bk.kz\/\">pin up kz<\/a><a style=\"color:#ffffff00\" href=\"https:\/\/pin-up-casino-bet.in\/\">https:\/\/pin-up-casino-bet.in\/<\/a><a style=\"color:#ffffff00\" href=\"https:\/\/mostbet-cazino.kz\/\">mosbet<\/a><a style=\"color:#ffffff00\" href=\"https:\/\/1-win-slot.com\/\">https:\/\/1-win-slot.com\/<\/a><a style=\"color:#ffffff00\" href=\"https:\/\/1-win-azn.com\/\">https:\/\/1-win-azn.com\/<\/a><a style=\"color:#ffffff00\" href=\"https:\/\/pinup-aze.com\/\">pin up az<\/a><a style=\"color:#ffffff00\" href=\"https:\/\/pinup-ozbekistan.com\/\">pinup<\/a><a style=\"color:#ffffff00\" href=\"https:\/\/aviator-guide.com\/\">https:\/\/aviator-guide.com\/<\/a><a style=\"color:#ffffff00\" href=\"https:\/\/mostbet-play.kz\/\">mostbet<\/a><a style=\"color:#ffffff00\" href=\"https:\/\/pin-up-aze.com\/\">https:\/\/pin-up-aze.com\/<\/a><a style=\"color:#ffffff00\" href=\"https:\/\/1-win-games.kz\/\">1win<\/a><a style=\"color:#ffffff00\" href=\"https:\/\/snai-slots.it\/\">snai<\/a><a style=\"color:#ffffff00\" href=\"https:\/\/pin-up-online.com\/\">pin up casino<\/a><a style=\"color:#ffffff00\" href=\"https:\/\/snai-italy.com\/\">snai<\/a><a style=\"color:#ffffff00\" href=\"https:\/\/pinup-play.in\/\">pinup login<\/a><a style=\"color:#ffffff00\" href=\"https:\/\/mostbet-slot.kz\/\">https:\/\/mostbet-slot.kz\/<\/a><a style=\"color:#ffffff00\" href=\"https:\/\/lucky-jet-games.kz\/\">lucky jet<\/a><a style=\"color:#ffffff00\" href=\"https:\/\/4ra-bet.com\/\">https:\/\/4ra-bet.com\/<\/a><a style=\"color:#ffffff00\" href=\"https:\/\/pin-up-play.in\/\">https:\/\/pin-up-play.in\/<\/a><a style=\"color:#ffffff00\" href=\"https:\/\/1-win-online.com\/\">https:\/\/1-win-online.com\/<\/a><a style=\"color:#ffffff00\" href=\"https:\/\/game-lucky-jet.com\/\">lucky jet<\/a><a style=\"color:#ffffff00\" href=\"https:\/\/pinup-oyun.com\/\">https:\/\/pinup-oyun.com\/<\/a><a style=\"color:#ffffff00\" href=\"https:\/\/casino-lucky-jet.com\/\">luckyget<\/a><a style=\"color:#ffffff00\" href=\"https:\/\/mostbets.kz\/\">mostbet<\/a><a style=\"color:#ffffff00\" href=\"https:\/\/most-bet-az.com\/\">https:\/\/most-bet-az.com\/<\/a><\/div>\n\t\t\t\t\t\t\t\t<\/div>\n\t\t\t\t<\/div>\n\t\t\t\t<div class=\"elementor-element elementor-element-f61ef24 elementor-widget elementor-widget-heading\" data-id=\"f61ef24\" data-element_type=\"widget\" data-widget_type=\"heading.default\">\n\t\t\t\t<div class=\"elementor-widget-container\">\n\t\t\t\t\t<h3 class=\"elementor-heading-title elementor-size-large\">TRINIDAD - FLORES<\/h3>\t\t\t\t<\/div>\n\t\t\t\t<\/div>\n\t\t\t\t<div class=\"elementor-element elementor-element-17cb1c4f elementor-widget elementor-widget-heading\" data-id=\"17cb1c4f\" data-element_type=\"widget\" data-widget_type=\"heading.default\">\n\t\t\t\t<div class=\"elementor-widget-container\">\n\t\t\t\t\t<h1 class=\"elementor-heading-title elementor-size-xxl\">Contacto<\/h1>\t\t\t\t<\/div>\n\t\t\t\t<\/div>\n\t\t\t\t<div class=\"elementor-element elementor-element-721d10aa elementor-widget-divider--view-line elementor-widget elementor-widget-divider\" data-id=\"721d10aa\" data-element_type=\"widget\" data-widget_type=\"divider.default\">\n\t\t\t\t<div class=\"elementor-widget-container\">\n\t\t\t\t\t\t\t<div class=\"elementor-divider\">\n\t\t\t<span class=\"elementor-divider-separator\">\n\t\t\t\t\t\t<\/span>\n\t\t<\/div>\n\t\t\t\t\t\t<\/div>\n\t\t\t\t<\/div>\n\t\t\t\t<div class=\"elementor-element elementor-element-1115f1c9 elementor-shape-circle elementor-grid-0 e-grid-align-center elementor-widget elementor-widget-social-icons\" data-id=\"1115f1c9\" data-element_type=\"widget\" data-widget_type=\"social-icons.default\">\n\t\t\t\t<div class=\"elementor-widget-container\">\n\t\t\t\t\t\t\t<div class=\"elementor-social-icons-wrapper elementor-grid\" role=\"list\">\n\t\t\t\t\t\t\t<span class=\"elementor-grid-item\" role=\"listitem\">\n\t\t\t\t\t<a class=\"elementor-icon elementor-social-icon elementor-social-icon-facebook-f elementor-animation-float elementor-repeater-item-cb42c44\" href=\"https:\/\/www.facebook.com\/RadioCinco897\" target=\"_blank\">\n\t\t\t\t\t\t<span class=\"elementor-screen-only\">Facebook-f<\/span>\n\t\t\t\t\t\t<i aria-hidden=\"true\" class=\"fab fa-facebook-f\"><\/i>\t\t\t\t\t<\/a>\n\t\t\t\t<\/span>\n\t\t\t\t\t\t\t<span class=\"elementor-grid-item\" role=\"listitem\">\n\t\t\t\t\t<a class=\"elementor-icon elementor-social-icon elementor-social-icon-twitter elementor-animation-float elementor-repeater-item-3603614\" href=\"https:\/\/twitter.com\/RadioCinco897\" target=\"_blank\">\n\t\t\t\t\t\t<span class=\"elementor-screen-only\">Twitter<\/span>\n\t\t\t\t\t\t<i aria-hidden=\"true\" class=\"fab fa-twitter\"><\/i>\t\t\t\t\t<\/a>\n\t\t\t\t<\/span>\n\t\t\t\t\t\t\t<span class=\"elementor-grid-item\" role=\"listitem\">\n\t\t\t\t\t<a class=\"elementor-icon elementor-social-icon elementor-social-icon-instagram elementor-animation-float elementor-repeater-item-81d78de\" href=\"https:\/\/www.instagram.com\/radiocinco89.7\/\" target=\"_blank\">\n\t\t\t\t\t\t<span class=\"elementor-screen-only\">Instagram<\/span>\n\t\t\t\t\t\t<i aria-hidden=\"true\" class=\"fab fa-instagram\"><\/i>\t\t\t\t\t<\/a>\n\t\t\t\t<\/span>\n\t\t\t\t\t\t\t<span class=\"elementor-grid-item\" role=\"listitem\">\n\t\t\t\t\t<a class=\"elementor-icon elementor-social-icon elementor-social-icon-whatsapp elementor-animation-float elementor-repeater-item-c8e40bf\" href=\"https:\/\/wa.me\/59898649167\" target=\"_blank\">\n\t\t\t\t\t\t<span class=\"elementor-screen-only\">Whatsapp<\/span>\n\t\t\t\t\t\t<i aria-hidden=\"true\" class=\"fab fa-whatsapp\"><\/i>\t\t\t\t\t<\/a>\n\t\t\t\t<\/span>\n\t\t\t\t\t<\/div>\n\t\t\t\t\t\t<\/div>\n\t\t\t\t<\/div>\n\t\t\t\t\t<\/div>\n\t\t<\/div>\n\t\t\t\t\t<\/div>\n\t\t<\/section>\n\t\t\t\t<section class=\"elementor-section elementor-top-section elementor-element elementor-element-2ddab52d elementor-section-full_width elementor-section-content-middle elementor-section-height-default elementor-section-height-default\" data-id=\"2ddab52d\" data-element_type=\"section\">\n\t\t\t\t\t\t<div class=\"elementor-container elementor-column-gap-no\">\n\t\t\t\t\t<div class=\"elementor-column elementor-col-50 elementor-top-column elementor-element elementor-element-671c47e7\" data-id=\"671c47e7\" data-element_type=\"column\">\n\t\t\t<div class=\"elementor-widget-wrap elementor-element-populated\">\n\t\t\t\t\t\t<div class=\"elementor-element elementor-element-1f7d2089 elementor-widget elementor-widget-google_maps\" data-id=\"1f7d2089\" data-element_type=\"widget\" data-widget_type=\"google_maps.default\">\n\t\t\t\t<div class=\"elementor-widget-container\">\n\t\t\t\t\t\t\t<div class=\"elementor-custom-embed\">\n\t\t\t<iframe loading=\"lazy\"\n\t\t\t\t\tsrc=\"https:\/\/maps.google.com\/maps?q=trinidad%2C%20francisco%20fondar%20639&#038;t=m&#038;z=14&#038;output=embed&#038;iwloc=near\"\n\t\t\t\t\ttitle=\"trinidad, francisco fondar 639\"\n\t\t\t\t\taria-label=\"trinidad, francisco fondar 639\"\n\t\t\t><\/iframe>\n\t\t<\/div>\n\t\t\t\t\t\t<\/div>\n\t\t\t\t<\/div>\n\t\t\t\t\t<\/div>\n\t\t<\/div>\n\t\t\t\t<div class=\"elementor-column elementor-col-50 elementor-top-column elementor-element elementor-element-585a7848\" data-id=\"585a7848\" data-element_type=\"column\" data-settings=\"{&quot;background_background&quot;:&quot;classic&quot;}\">\n\t\t\t<div class=\"elementor-widget-wrap elementor-element-populated\">\n\t\t\t\t\t\t<div class=\"elementor-element elementor-element-79d7d151 elementor-widget elementor-widget-heading\" data-id=\"79d7d151\" data-element_type=\"widget\" data-widget_type=\"heading.default\">\n\t\t\t\t<div class=\"elementor-widget-container\">\n\t\t\t\t\t<h2 class=\"elementor-heading-title elementor-size-xl\">sobre nosotros<\/h2>\t\t\t\t<\/div>\n\t\t\t\t<\/div>\n\t\t\t\t<div class=\"elementor-element elementor-element-145bd47b elementor-widget-divider--view-line elementor-widget elementor-widget-divider\" data-id=\"145bd47b\" data-element_type=\"widget\" data-widget_type=\"divider.default\">\n\t\t\t\t<div class=\"elementor-widget-container\">\n\t\t\t\t\t\t\t<div class=\"elementor-divider\">\n\t\t\t<span class=\"elementor-divider-separator\">\n\t\t\t\t\t\t<\/span>\n\t\t<\/div>\n\t\t\t\t\t\t<\/div>\n\t\t\t\t<\/div>\n\t\t\t\t<div class=\"elementor-element elementor-element-28c38236 elementor-widget elementor-widget-text-editor\" data-id=\"28c38236\" data-element_type=\"widget\" data-widget_type=\"text-editor.default\">\n\t\t\t\t<div class=\"elementor-widget-container\">\n\t\t\t\t\t\t\t\t\t<p>SOBRE NOSOTROS<br \/>RADIO CINCO ES UNA FM QUE DESDE SUS INCIOS TUVO UN CLARO OBJETIVO, EL DE OFRECER UNA PROGRAMCI\u00d3N VARIADA Y AGRADABLE A LOS OYENTES <br \/>UNA CUIDADA SELECCI\u00d3N MUSICAL ACOMPA\u00d1ADA DE UN ALTO NIVEL EN SU ART\u00cdSTICA, ANUNCIOS Y CONDUCCI\u00d3N IDENTIFICAN A NUESTRA RADIO<br \/>PROGRAMACI\u00d3N EN VIVO DESDE LAS 6 DE LA MA\u00d1ANA MARCANDO CADA PROPUESTA UN CLARO PERFIL DE COMUNICACI\u00d3N Y TEMAS DE INTER\u00c9S<\/p>\t\t\t\t\t\t\t\t<\/div>\n\t\t\t\t<\/div>\n\t\t\t\t<div class=\"elementor-element elementor-element-175f66a7 elementor-widget elementor-widget-heading\" data-id=\"175f66a7\" data-element_type=\"widget\" data-widget_type=\"heading.default\">\n\t\t\t\t<div class=\"elementor-widget-container\">\n\t\t\t\t\t<h4 class=\"elementor-heading-title elementor-size-medium\">direccion<\/h4>\t\t\t\t<\/div>\n\t\t\t\t<\/div>\n\t\t\t\t<div class=\"elementor-element elementor-element-17fa258f elementor-widget elementor-widget-text-editor\" data-id=\"17fa258f\" data-element_type=\"widget\" data-widget_type=\"text-editor.default\">\n\t\t\t\t<div class=\"elementor-widget-container\">\n\t\t\t\t\t\t\t\t\t<p>Francisco Fondar 639<\/p>\t\t\t\t\t\t\t\t<\/div>\n\t\t\t\t<\/div>\n\t\t\t\t<div class=\"elementor-element elementor-element-898cabd elementor-widget elementor-widget-heading\" data-id=\"898cabd\" data-element_type=\"widget\" data-widget_type=\"heading.default\">\n\t\t\t\t<div class=\"elementor-widget-container\">\n\t\t\t\t\t<h4 class=\"elementor-heading-title elementor-size-medium\">telefonos<\/h4>\t\t\t\t<\/div>\n\t\t\t\t<\/div>\n\t\t\t\t<div class=\"elementor-element elementor-element-4c127a9e elementor-widget elementor-widget-text-editor\" data-id=\"4c127a9e\" data-element_type=\"widget\" data-widget_type=\"text-editor.default\">\n\t\t\t\t<div class=\"elementor-widget-container\">\n\t\t\t\t\t\t\t\t\t<p>4364.8312\u00a0<br \/><br \/><\/p>\t\t\t\t\t\t\t\t<\/div>\n\t\t\t\t<\/div>\n\t\t\t\t<div class=\"elementor-element elementor-element-45acfa7 elementor-widget elementor-widget-heading\" data-id=\"45acfa7\" data-element_type=\"widget\" data-widget_type=\"heading.default\">\n\t\t\t\t<div class=\"elementor-widget-container\">\n\t\t\t\t\t<h4 class=\"elementor-heading-title elementor-size-medium\">Representante de Ventas<\/h4>\t\t\t\t<\/div>\n\t\t\t\t<\/div>\n\t\t\t\t<div class=\"elementor-element elementor-element-ba51ee7 elementor-widget elementor-widget-text-editor\" data-id=\"ba51ee7\" data-element_type=\"widget\" data-widget_type=\"text-editor.default\">\n\t\t\t\t<div class=\"elementor-widget-container\">\n\t\t\t\t\t\t\t\t\t<p>098 649 167<\/p>\t\t\t\t\t\t\t\t<\/div>\n\t\t\t\t<\/div>\n\t\t\t\t<div class=\"elementor-element elementor-element-87ffa42 elementor-widget elementor-widget-heading\" data-id=\"87ffa42\" data-element_type=\"widget\" data-widget_type=\"heading.default\">\n\t\t\t\t<div class=\"elementor-widget-container\">\n\t\t\t\t\t<h4 class=\"elementor-heading-title elementor-size-medium\">Email<\/h4>\t\t\t\t<\/div>\n\t\t\t\t<\/div>\n\t\t\t\t<div class=\"elementor-element elementor-element-2e4289aa elementor-widget elementor-widget-text-editor\" data-id=\"2e4289aa\" data-element_type=\"widget\" data-widget_type=\"text-editor.default\">\n\t\t\t\t<div class=\"elementor-widget-container\">\n\t\t\t\t\t\t\t\t\t<p>info@radiocinco.com.uy<\/p>\t\t\t\t\t\t\t\t<\/div>\n\t\t\t\t<\/div>\n\t\t\t\t<div class=\"elementor-element elementor-element-2af4784 elementor-widget elementor-widget-heading\" data-id=\"2af4784\" data-element_type=\"widget\" data-widget_type=\"heading.default\">\n\t\t\t\t<div class=\"elementor-widget-container\">\n\t\t\t\t\t<h4 class=\"elementor-heading-title elementor-size-medium\">horario<\/h4>\t\t\t\t<\/div>\n\t\t\t\t<\/div>\n\t\t\t\t<div class=\"elementor-element elementor-element-2f19cf1 elementor-widget elementor-widget-text-editor\" data-id=\"2f19cf1\" data-element_type=\"widget\" data-widget_type=\"text-editor.default\">\n\t\t\t\t<div class=\"elementor-widget-container\">\n\t\t\t\t\t\t\t\t\t<p>09.00 \u2013 18.00, lunes a viernes<\/p>\t\t\t\t\t\t\t\t<\/div>\n\t\t\t\t<\/div>\n\t\t\t\t\t<\/div>\n\t\t<\/div>\n\t\t\t\t\t<\/div>\n\t\t<\/section>\n\t\t\t\t<section class=\"elementor-section elementor-top-section elementor-element elementor-element-6195ca5d elementor-section-boxed elementor-section-height-default elementor-section-height-default\" data-id=\"6195ca5d\" data-element_type=\"section\" data-settings=\"{&quot;background_background&quot;:&quot;classic&quot;}\">\n\t\t\t\t\t\t<div class=\"elementor-container elementor-column-gap-default\">\n\t\t\t\t\t<div class=\"elementor-column elementor-col-100 elementor-top-column elementor-element elementor-element-7c004617\" data-id=\"7c004617\" data-element_type=\"column\">\n\t\t\t<div class=\"elementor-widget-wrap\">\n\t\t\t\t\t\t\t<\/div>\n\t\t<\/div>\n\t\t\t\t\t<\/div>\n\t\t<\/section>\n\t\t\t\t<\/div>\n\t\t","protected":false},"excerpt":{"rendered":"<p>mosbet casino4rabet1 win aviatorhttps:\/\/1-win-azerbaycan.com\/pin-uppin up kzpin up casino1 win kzlucky jet onlinepin up kzhttps:\/\/pin-up-casino-bet.in\/mosbethttps:\/\/1-win-slot.com\/https:\/\/1-win-azn.com\/pin up azpinuphttps:\/\/aviator-guide.com\/mostbethttps:\/\/pin-up-aze.com\/1winsnaipin up casinosnaipinup loginhttps:\/\/mostbet-slot.kz\/lucky jethttps:\/\/4ra-bet.com\/https:\/\/pin-up-play.in\/https:\/\/1-win-online.com\/lucky jethttps:\/\/pinup-oyun.com\/luckygetmostbethttps:\/\/most-bet-az.com\/ TRINIDAD &#8211; FLORES Contacto Facebook-f Twitter Instagram Whatsapp sobre nosotros SOBRE NOSOTROSRADIO CINCO ES UNA FM QUE DESDE SUS INCIOS TUVO UN CLARO OBJETIVO, EL DE OFRECER UNA PROGRAMCI\u00d3N VARIADA Y AGRADABLE A LOS [&hellip;]<\/p>\n","protected":false},"author":1,"featured_media":0,"parent":0,"menu_order":0,"comment_status":"closed","ping_status":"closed","template":"","meta":{"site-sidebar-layout":"no-sidebar","site-content-layout":"page-builder","ast-site-content-layout":"","site-content-style":"default","site-sidebar-style":"default","ast-global-header-display":"","ast-banner-title-visibility":"","ast-main-header-display":"","ast-hfb-above-header-display":"","ast-hfb-below-header-display":"","ast-hfb-mobile-header-display":"","site-post-title":"disabled","ast-breadcrumbs-content":"","ast-featured-img":"disabled","footer-sml-layout":"","theme-transparent-header-meta":"default","adv-header-id-meta":"","stick-header-meta":"","header-above-stick-meta":"","header-main-stick-meta":"","header-below-stick-meta":"","astra-migrate-meta-layouts":"default","ast-page-background-enabled":"default","ast-page-background-meta":{"desktop":{"background-color":"var(--ast-global-color-4)","background-image":"","background-repeat":"repeat","background-position":"center center","background-size":"auto","background-attachment":"scroll","background-type":"","background-media":"","overlay-type":"","overlay-color":"","overlay-opacity":"","overlay-gradient":""},"tablet":{"background-color":"","background-image":"","background-repeat":"repeat","background-position":"center center","background-size":"auto","background-attachment":"scroll","background-type":"","background-media":"","overlay-type":"","overlay-color":"","overlay-opacity":"","overlay-gradient":""},"mobile":{"background-color":"","background-image":"","background-repeat":"repeat","background-position":"center center","background-size":"auto","background-attachment":"scroll","background-type":"","background-media":"","overlay-type":"","overlay-color":"","overlay-opacity":"","overlay-gradient":""}},"ast-content-background-meta":{"desktop":{"background-color":"var(--ast-global-color-5)","background-image":"","background-repeat":"repeat","background-position":"center center","background-size":"auto","background-attachment":"scroll","background-type":"","background-media":"","overlay-type":"","overlay-color":"","overlay-opacity":"","overlay-gradient":""},"tablet":{"background-color":"var(--ast-global-color-5)","background-image":"","background-repeat":"repeat","background-position":"center center","background-size":"auto","background-attachment":"scroll","background-type":"","background-media":"","overlay-type":"","overlay-color":"","overlay-opacity":"","overlay-gradient":""},"mobile":{"background-color":"var(--ast-global-color-5)","background-image":"","background-repeat":"repeat","background-position":"center center","background-size":"auto","background-attachment":"scroll","background-type":"","background-media":"","overlay-type":"","overlay-color":"","overlay-opacity":"","overlay-gradient":""}},"_joinchat":[],"footnotes":""},"class_list":["post-93","page","type-page","status-publish","hentry"],"_links":{"self":[{"href":"https:\/\/radiocinco.com.uy\/index.php\/wp-json\/wp\/v2\/pages\/93","targetHints":{"allow":["GET"]}}],"collection":[{"href":"https:\/\/radiocinco.com.uy\/index.php\/wp-json\/wp\/v2\/pages"}],"about":[{"href":"https:\/\/radiocinco.com.uy\/index.php\/wp-json\/wp\/v2\/types\/page"}],"author":[{"embeddable":true,"href":"https:\/\/radiocinco.com.uy\/index.php\/wp-json\/wp\/v2\/users\/1"}],"replies":[{"embeddable":true,"href":"https:\/\/radiocinco.com.uy\/index.php\/wp-json\/wp\/v2\/comments?post=93"}],"version-history":[{"count":28,"href":"https:\/\/radiocinco.com.uy\/index.php\/wp-json\/wp\/v2\/pages\/93\/revisions"}],"predecessor-version":[{"id":998,"href":"https:\/\/radiocinco.com.uy\/index.php\/wp-json\/wp\/v2\/pages\/93\/revisions\/998"}],"wp:attachment":[{"href":"https:\/\/radiocinco.com.uy\/index.php\/wp-json\/wp\/v2\/media?parent=93"}],"curies":[{"name":"wp","href":"https:\/\/api.w.org\/{rel}","templated":true}]}}